{"id":1670,"date":"2024-10-05T18:37:26","date_gmt":"2024-10-05T18:37:26","guid":{"rendered":"https:\/\/freedomptnv.com\/?page_id=1670"},"modified":"2024-12-11T19:11:38","modified_gmt":"2024-12-11T19:11:38","slug":"contact","status":"publish","type":"page","link":"https:\/\/freedomptnv.com\/es\/contact\/","title":{"rendered":"Contacto"},"content":{"rendered":"<div data-elementor-type=\"wp-page\" data-elementor-id=\"1670\" class=\"elementor elementor-1670\">\n\t\t\t\t<div class=\"elementor-element elementor-element-3de05d9 e-flex e-con-boxed e-con e-parent\" data-id=\"3de05d9\" data-element_type=\"container\">\n\t\t\t\t\t<div class=\"e-con-inner\">\n\t\t<div class=\"elementor-element elementor-element-bbc167f e-con-full e-flex e-con e-child\" data-id=\"bbc167f\" data-element_type=\"container\" data-settings=\"{&quot;background_background&quot;:&quot;classic&quot;}\">\n\t\t\t\t<div class=\"elementor-element elementor-element-29d29be elementor-widget elementor-widget-heading\" data-id=\"29d29be\" data-element_type=\"widget\" data-widget_type=\"heading.default\">\n\t\t\t\t<div class=\"elementor-widget-container\">\n\t\t\t<h1 class=\"elementor-heading-title elementor-size-default\">Contacto\n<\/h1>\t\t<\/div>\n\t\t\t\t<\/div>\n\t\t\t\t<div class=\"elementor-element elementor-element-6ea800f elementor-widget__width-initial elementor-widget elementor-widget-text-editor\" data-id=\"6ea800f\" data-element_type=\"widget\" data-widget_type=\"text-editor.default\">\n\t\t\t\t<div class=\"elementor-widget-container\">\n\t\t\t\t\t\t\t<p>En Freedom Physical Therapy and Performance Center, estamos aqu\u00ed para ayudarlo a alcanzar sus objetivos y responder cualquier pregunta que pueda tener. Ya sea que est\u00e9 buscando programar una cita, consultar sobre nuestros servicios o simplemente desea obtener m\u00e1s informaci\u00f3n, \u00a1no dude en comunicarse! Nuestro equipo amigable y experto est\u00e1 listo para guiarlo en cada paso del camino.<\/p>\t\t\t\t\t\t<\/div>\n\t\t\t\t<\/div>\n\t\t\t\t<\/div>\n\t\t\t\t\t<\/div>\n\t\t\t\t<\/div>\n\t\t<div class=\"elementor-element elementor-element-b261d1c contact-info e-flex e-con-boxed e-con e-parent\" data-id=\"b261d1c\" data-element_type=\"container\" data-settings=\"{&quot;background_background&quot;:&quot;classic&quot;}\">\n\t\t\t\t\t<div class=\"e-con-inner\">\n\t\t<div class=\"elementor-element elementor-element-d060393 e-con-full e-flex e-con e-child\" data-id=\"d060393\" data-element_type=\"container\" data-settings=\"{&quot;background_background&quot;:&quot;classic&quot;}\">\n\t\t<div class=\"elementor-element elementor-element-6758bc5 e-con-full e-flex e-con e-child\" data-id=\"6758bc5\" data-element_type=\"container\">\n\t\t\t\t<div class=\"elementor-element elementor-element-c840f72 elementor-view-default elementor-position-top elementor-mobile-position-top elementor-widget elementor-widget-icon-box\" data-id=\"c840f72\" data-element_type=\"widget\" data-widget_type=\"icon-box.default\">\n\t\t\t\t<div class=\"elementor-widget-container\">\n\t\t\t\t\t<div class=\"elementor-icon-box-wrapper\">\n\n\t\t\t\t\t\t<div class=\"elementor-icon-box-icon\">\n\t\t\t\t<span  class=\"elementor-icon elementor-animation-\">\n\t\t\t\t<svg xmlns=\"http:\/\/www.w3.org\/2000\/svg\" width=\"22\" height=\"23\" viewbox=\"0 0 22 23\" fill=\"none\"><path d=\"M1.13676 2.55428L2.99738 0.609034C3.41748 0.16983 4.00285 -0.0497982 4.59418 0.00953851C5.18551 0.0688752 5.72011 0.400889 6.05262 0.916056L7.98093 3.90314C8.27859 4.36422 8.38711 4.93041 8.28257 5.47577C8.17705 6.02115 7.86844 6.49992 7.42344 6.80486L6.51652 7.42724V7.4262C5.92619 7.82898 5.71316 8.62519 6.01778 9.28922C6.72859 10.9243 7.67829 12.4346 8.83313 13.7657C10.1064 14.973 11.5509 15.9659 13.1149 16.7091C13.75 17.0276 14.5116 16.8049 14.8969 16.1887L15.4922 15.2406L15.4912 15.2395C15.7829 14.7743 16.2408 14.4516 16.7625 14.3413C17.2841 14.232 17.8257 14.3455 18.2667 14.6567L21.1238 16.6727C21.6166 17.0203 21.9342 17.5792 21.9909 18.1975C22.0476 18.8157 21.8376 19.4277 21.4175 19.8669L19.5568 21.8121C16.8789 24.8658 9.95608 21.58 5.66438 17.0774C1.35789 12.5855 -1.78486 5.36018 1.13676 2.55428ZM20.1591 10.6579C20.1562 8.3421 19.2751 6.12301 17.7092 4.48598C16.1432 2.84883 14.0207 1.92771 11.8058 1.92459C11.3658 1.92459 11.0094 2.29823 11.0094 2.75723C11.0094 3.21727 11.3658 3.58986 11.8058 3.58986C13.5977 3.59194 15.3159 4.33715 16.5843 5.66206C17.8516 6.98804 18.5643 8.7845 18.5663 10.6579C18.5723 11.1127 18.9267 11.478 19.3627 11.478C19.7978 11.478 20.1522 11.1127 20.1591 10.6579ZM16.9348 10.6579C16.9328 9.23615 16.3922 7.8738 15.4305 6.86825C14.4689 5.86285 13.1658 5.2977 11.8058 5.29562C11.3658 5.29562 11.0094 5.66926 11.0094 6.12826C11.0094 6.5883 11.3658 6.96089 11.8058 6.96089C13.758 6.96297 15.3398 8.61677 15.3419 10.6578C15.3478 11.1126 15.7022 11.4779 16.1383 11.4779C16.5733 11.4779 16.9278 11.1127 16.9348 10.6579Z\" fill=\"#2F2F2F\"><\/path><\/svg>\t\t\t\t<\/span>\n\t\t\t<\/div>\n\t\t\t\n\t\t\t\t\t\t<div class=\"elementor-icon-box-content\">\n\n\t\t\t\t\t\t\t\t\t<h3 class=\"elementor-icon-box-title\">\n\t\t\t\t\t\t<span  >\n\t\t\t\t\t\t\tLl\u00e1manos\t\t\t\t\t\t<\/span>\n\t\t\t\t\t<\/h3>\n\t\t\t\t\n\t\t\t\t\t\t\t\t\t<p class=\"elementor-icon-box-description\">\n\t\t\t\t\t\t<a href=\"tel:(775)-451-5050\">(775)-451-5050<\/a>\t\t\t\t\t<\/p>\n\t\t\t\t\n\t\t\t<\/div>\n\t\t\t\n\t\t<\/div>\n\t\t\t\t<\/div>\n\t\t\t\t<\/div>\n\t\t\t\t<\/div>\n\t\t<div class=\"elementor-element elementor-element-62d25c9 e-con-full e-flex e-con e-child\" data-id=\"62d25c9\" data-element_type=\"container\">\n\t\t\t\t<div class=\"elementor-element elementor-element-ea599c5 elementor-view-default elementor-position-top elementor-mobile-position-top elementor-widget elementor-widget-icon-box\" data-id=\"ea599c5\" data-element_type=\"widget\" data-widget_type=\"icon-box.default\">\n\t\t\t\t<div class=\"elementor-widget-container\">\n\t\t\t\t\t<div class=\"elementor-icon-box-wrapper\">\n\n\t\t\t\t\t\t<div class=\"elementor-icon-box-icon\">\n\t\t\t\t<span  class=\"elementor-icon elementor-animation-\">\n\t\t\t\t<svg xmlns=\"http:\/\/www.w3.org\/2000\/svg\" width=\"24\" height=\"24\" viewbox=\"0 0 24 24\" fill=\"none\"><path d=\"M8.28572 0L4.28571 4V12.5714H19.7143V0H8.28572ZM9.63393 3.42857C9.64286 3.42836 9.65179 3.42836 9.66072 3.42857C9.67856 3.42773 9.69644 3.42773 9.71429 3.42857H16.8571C16.9329 3.4275 17.008 3.44149 17.0783 3.46973C17.1486 3.49796 17.2125 3.53988 17.2665 3.59305C17.3204 3.64622 17.3632 3.70958 17.3924 3.77944C17.4217 3.8493 17.4367 3.92427 17.4367 4C17.4367 4.07573 17.4217 4.1507 17.3924 4.22056C17.3632 4.29042 17.3204 4.35378 17.2665 4.40695C17.2125 4.46012 17.1486 4.50204 17.0783 4.53027C17.008 4.55851 16.9329 4.5725 16.8571 4.57143H9.71429C9.63925 4.5767 9.5639 4.56715 9.49255 4.54331C9.4212 4.51946 9.35525 4.4818 9.29846 4.43247C9.24166 4.38314 9.19514 4.32311 9.16155 4.2558C9.12796 4.18849 9.10795 4.11522 9.10268 4.04018C9.0974 3.96514 9.10696 3.88979 9.1308 3.81844C9.15464 3.7471 9.19231 3.68114 9.24164 3.62435C9.29097 3.56756 9.351 3.52104 9.41831 3.48744C9.48562 3.45385 9.55889 3.43385 9.63393 3.42857ZM7.0625 8C7.07143 7.99979 7.08036 7.99979 7.08929 8C7.10713 7.99916 7.12501 7.99916 7.14286 8H16.8571C16.9329 7.99893 17.008 8.01292 17.0783 8.04116C17.1486 8.06939 17.2125 8.11131 17.2665 8.16448C17.3204 8.21765 17.3632 8.281 17.3924 8.35087C17.4217 8.42073 17.4367 8.4957 17.4367 8.57143C17.4367 8.64716 17.4217 8.72213 17.3924 8.79199C17.3632 8.86185 17.3204 8.92521 17.2665 8.97838C17.2125 9.03155 17.1486 9.07347 17.0783 9.1017C17.008 9.12994 16.9329 9.14393 16.8571 9.14286H7.14286C6.99131 9.15351 6.84173 9.10353 6.72703 9.0039C6.61233 8.90427 6.54191 8.76316 6.53125 8.61161C6.52059 8.46006 6.57058 8.31048 6.67021 8.19578C6.76984 8.08108 6.91095 8.01066 7.0625 8ZM1.42857 8.57143C0.637124 8.57143 0 9.20855 0 10V22.5714C0 23.3629 0.637124 24 1.42857 24H22.5714C23.3629 24 24 23.3629 24 22.5714V10C24 9.20855 23.3629 8.57143 22.5714 8.57143H20.8571V12.5714V13.1429C20.8571 13.2944 20.7969 13.4397 20.6898 13.5469C20.5826 13.6541 20.4373 13.7143 20.2857 13.7143H19.7143H4.28571H3.71429C3.56274 13.7143 3.4174 13.6541 3.31024 13.5469C3.20308 13.4397 3.14287 13.2944 3.14286 13.1429V12.5714V8.57143H1.42857ZM8 15.7143C8.63117 15.7143 9.14286 16.226 9.14286 16.8571C9.14286 17.4883 8.63117 18 8 18C7.36883 18 6.85714 17.4883 6.85714 16.8571C6.85714 16.226 7.36883 15.7143 8 15.7143ZM12 15.7143C12.6312 15.7143 13.1429 16.226 13.1429 16.8571C13.1429 17.4883 12.6312 18 12 18C11.3688 18 10.8571 17.4883 10.8571 16.8571C10.8571 16.226 11.3688 15.7143 12 15.7143ZM16 15.7143C16.6312 15.7143 17.1429 16.226 17.1429 16.8571C17.1429 17.4883 16.6312 18 16 18C15.3688 18 14.8571 17.4883 14.8571 16.8571C14.8571 16.226 15.3688 15.7143 16 15.7143ZM8 19.7143C8.63117 19.7143 9.14286 20.2259 9.14286 20.8571C9.14286 21.4883 8.63117 22 8 22C7.36883 22 6.85714 21.4883 6.85714 20.8571C6.85714 20.2259 7.36883 19.7143 8 19.7143ZM12 19.7143C12.6312 19.7143 13.1429 20.2259 13.1429 20.8571C13.1429 21.4883 12.6312 22 12 22C11.3688 22 10.8571 21.4883 10.8571 20.8571C10.8571 20.2259 11.3688 19.7143 12 19.7143ZM16 19.7143C16.6312 19.7143 17.1429 20.2259 17.1429 20.8571C17.1429 21.4883 16.6312 22 16 22C15.3688 22 14.8571 21.4883 14.8571 20.8571C14.8571 20.2259 15.3688 19.7143 16 19.7143Z\" fill=\"#2F2F2F\"><\/path><\/svg>\t\t\t\t<\/span>\n\t\t\t<\/div>\n\t\t\t\n\t\t\t\t\t\t<div class=\"elementor-icon-box-content\">\n\n\t\t\t\t\t\t\t\t\t<h3 class=\"elementor-icon-box-title\">\n\t\t\t\t\t\t<span  >\n\t\t\t\t\t\t\tFax\t\t\t\t\t\t<\/span>\n\t\t\t\t\t<\/h3>\n\t\t\t\t\n\t\t\t\t\t\t\t\t\t<p class=\"elementor-icon-box-description\">\n\t\t\t\t\t\t(775)-451-5025\t\t\t\t\t<\/p>\n\t\t\t\t\n\t\t\t<\/div>\n\t\t\t\n\t\t<\/div>\n\t\t\t\t<\/div>\n\t\t\t\t<\/div>\n\t\t\t\t<\/div>\n\t\t<div class=\"elementor-element elementor-element-47176dc e-con-full e-flex e-con e-child\" data-id=\"47176dc\" data-element_type=\"container\">\n\t\t\t\t<div class=\"elementor-element elementor-element-a2555a6 elementor-view-default elementor-position-top elementor-mobile-position-top elementor-widget elementor-widget-icon-box\" data-id=\"a2555a6\" data-element_type=\"widget\" data-widget_type=\"icon-box.default\">\n\t\t\t\t<div class=\"elementor-widget-container\">\n\t\t\t\t\t<div class=\"elementor-icon-box-wrapper\">\n\n\t\t\t\t\t\t<div class=\"elementor-icon-box-icon\">\n\t\t\t\t<span  class=\"elementor-icon elementor-animation-\">\n\t\t\t\t<svg xmlns=\"http:\/\/www.w3.org\/2000\/svg\" width=\"16\" height=\"24\" viewbox=\"0 0 16 24\" fill=\"none\"><path d=\"M8 0C5.87901 0.00259548 3.84558 0.911286 2.34581 2.52672C0.846038 4.14215 0.00240964 6.3324 0 8.61697C0 11.3563 1.50939 13.5844 3.42056 16.4053C4.80848 18.4541 6.3816 20.7759 7.72615 23.8138C7.7508 23.8695 7.7896 23.9166 7.83807 23.9495C7.88654 23.9825 7.94268 24 8 24C8.05732 24 8.11346 23.9825 8.16193 23.9495C8.2104 23.9166 8.2492 23.8695 8.27385 23.8138C9.6184 20.7759 11.1915 18.4541 12.5794 16.4053C14.4904 13.5844 16 11.3563 16 8.61697C15.9976 6.3324 15.154 4.14215 13.6542 2.52672C12.1544 0.911286 10.121 0.00259548 8 0ZM8 12.5862C7.27109 12.5863 6.55855 12.3535 5.95246 11.9174C5.34638 11.4812 4.87399 10.8612 4.59503 10.1359C4.31607 9.41056 4.24307 8.6124 4.38526 7.84236C4.52745 7.07233 4.87844 6.365 5.39386 5.80984C5.90927 5.25468 6.56595 4.87661 7.28085 4.72345C7.99575 4.5703 8.73676 4.64893 9.41018 4.9494C10.0836 5.24988 10.6592 5.7587 11.0641 6.41153C11.469 7.06435 11.6851 7.83185 11.6851 8.61697C11.6839 9.66929 11.2952 10.6781 10.6044 11.4222C9.91358 12.1663 8.97697 12.5849 8 12.5862Z\" fill=\"#2F2F2F\"><\/path><\/svg>\t\t\t\t<\/span>\n\t\t\t<\/div>\n\t\t\t\n\t\t\t\t\t\t<div class=\"elementor-icon-box-content\">\n\n\t\t\t\t\t\t\t\t\t<h3 class=\"elementor-icon-box-title\">\n\t\t\t\t\t\t<span  >\n\t\t\t\t\t\t\tVis\u00edtenos\t\t\t\t\t\t<\/span>\n\t\t\t\t\t<\/h3>\n\t\t\t\t\n\t\t\t\t\t\t\t\t\t<p class=\"elementor-icon-box-description\">\n\t\t\t\t\t\t9222 Unidad prototipo, Suite 100 Reno, NV 89521\t\t\t\t\t<\/p>\n\t\t\t\t\n\t\t\t<\/div>\n\t\t\t\n\t\t<\/div>\n\t\t\t\t<\/div>\n\t\t\t\t<\/div>\n\t\t\t\t<\/div>\n\t\t<div class=\"elementor-element elementor-element-48e5728 e-con-full e-flex e-con e-child\" data-id=\"48e5728\" data-element_type=\"container\">\n\t\t\t\t<div class=\"elementor-element elementor-element-f1a96c7 elementor-view-default elementor-position-top elementor-mobile-position-top elementor-widget elementor-widget-icon-box\" data-id=\"f1a96c7\" data-element_type=\"widget\" data-widget_type=\"icon-box.default\">\n\t\t\t\t<div class=\"elementor-widget-container\">\n\t\t\t\t\t<div class=\"elementor-icon-box-wrapper\">\n\n\t\t\t\t\t\t<div class=\"elementor-icon-box-icon\">\n\t\t\t\t<span  class=\"elementor-icon elementor-animation-\">\n\t\t\t\t<svg xmlns=\"http:\/\/www.w3.org\/2000\/svg\" width=\"23\" height=\"16\" viewbox=\"0 0 23 16\" fill=\"none\"><path d=\"M1.20019 0.350999C1.5801 0.123002 2.01752 0.00199678 2.46416 0H20.5356C20.9822 0.00199986 21.4197 0.122999 21.7996 0.350999L11.9558 6.74301C11.6796 6.92301 11.3202 6.92301 11.044 6.74301L1.20019 0.350999ZM12.8645 8.07395C12.0369 8.61295 10.9577 8.61295 10.1302 8.07395L0.154018 1.59412C0.0544193 1.85212 0.00308069 2.12512 0 2.40011V13.6C0 14.925 1.10379 16 2.46429 16H20.5357C21.8962 16 23 14.925 23 13.6V2.40011C22.9969 2.12512 22.9456 1.85212 22.847 1.59412L12.8645 8.07395Z\" fill=\"#2F2F2F\"><\/path><\/svg>\t\t\t\t<\/span>\n\t\t\t<\/div>\n\t\t\t\n\t\t\t\t\t\t<div class=\"elementor-icon-box-content\">\n\n\t\t\t\t\t\t\t\t\t<h3 class=\"elementor-icon-box-title\">\n\t\t\t\t\t\t<span  >\n\t\t\t\t\t\t\tEnv\u00edenos un correo electr\u00f3nico\t\t\t\t\t\t<\/span>\n\t\t\t\t\t<\/h3>\n\t\t\t\t\n\t\t\t\t\t\t\t\t\t<p class=\"elementor-icon-box-description\">\n\t\t\t\t\t\t<a href=\"mailto:info@freedomptnv.com\">info@freedomptnv.com<\/a>\t\t\t\t\t<\/p>\n\t\t\t\t\n\t\t\t<\/div>\n\t\t\t\n\t\t<\/div>\n\t\t\t\t<\/div>\n\t\t\t\t<\/div>\n\t\t\t\t<\/div>\n\t\t<div class=\"elementor-element elementor-element-cad250f e-con-full e-flex e-con e-child\" data-id=\"cad250f\" data-element_type=\"container\">\n\t\t\t\t<div class=\"elementor-element elementor-element-8777ffd elementor-view-default elementor-position-top elementor-mobile-position-top elementor-widget elementor-widget-icon-box\" data-id=\"8777ffd\" data-element_type=\"widget\" data-widget_type=\"icon-box.default\">\n\t\t\t\t<div class=\"elementor-widget-container\">\n\t\t\t\t\t<div class=\"elementor-icon-box-wrapper\">\n\n\t\t\t\t\t\t<div class=\"elementor-icon-box-icon\">\n\t\t\t\t<span  class=\"elementor-icon elementor-animation-\">\n\t\t\t\t<svg xmlns=\"http:\/\/www.w3.org\/2000\/svg\" width=\"18\" height=\"18\" viewbox=\"0 0 18 18\" fill=\"none\"><path d=\"M9.00048 2.28191C9.22263 2.28191 9.40333 2.46259 9.40333 2.68574V9.00068C9.40333 9.12213 9.35001 9.23172 9.2651 9.30576L6.05531 12.5176C5.97731 12.5966 5.87364 12.6351 5.76997 12.6351C5.66729 12.6351 5.56361 12.5966 5.48463 12.5176C5.32665 12.3596 5.32665 12.1039 5.48463 11.9469L8.5966 8.83391V2.6858C8.5966 2.46266 8.7763 2.28196 8.99945 2.28196L9.00048 2.28191ZM4.53473 13.0616C4.6384 13.0616 4.74207 13.1011 4.82007 13.1801C4.97804 13.338 4.97804 13.5928 4.82007 13.7508C4.74108 13.8297 4.6384 13.8692 4.53473 13.8692C4.43106 13.8692 4.32838 13.8297 4.24939 13.7508C4.09142 13.5938 4.09142 13.338 4.24939 13.1801C4.32838 13.1011 4.43106 13.0626 4.53374 13.0626H4.53473L4.53473 13.0616ZM9.00048 0H8.99949C4.02924 0 0 4.02924 0 9.00051C0 13.9708 4.02924 18 9.00051 18C13.9708 18 18 13.9708 18 9.00051C18 4.02924 13.9707 0 9.00048 0Z\" fill=\"#2F2F2F\"><\/path><\/svg>\t\t\t\t<\/span>\n\t\t\t<\/div>\n\t\t\t\n\t\t\t\t\t\t<div class=\"elementor-icon-box-content\">\n\n\t\t\t\t\t\t\t\t\t<h3 class=\"elementor-icon-box-title\">\n\t\t\t\t\t\t<span  >\n\t\t\t\t\t\t\tHorario de oficina\t\t\t\t\t\t<\/span>\n\t\t\t\t\t<\/h3>\n\t\t\t\t\n\t\t\t\t\t\t\t\t\t<p class=\"elementor-icon-box-description\">\n\t\t\t\t\t\tM\/W 7.00am-5.30pm\nT\/Th 8.00am-6.30pm\nF 7.00am-2.00pm\t\t\t\t\t<\/p>\n\t\t\t\t\n\t\t\t<\/div>\n\t\t\t\n\t\t<\/div>\n\t\t\t\t<\/div>\n\t\t\t\t<\/div>\n\t\t\t\t<\/div>\n\t\t\t\t<\/div>\n\t\t<div class=\"elementor-element elementor-element-f4e740c e-con-full e-flex e-con e-child\" data-id=\"f4e740c\" data-element_type=\"container\">\n\t\t\t\t<div class=\"elementor-element elementor-element-2a27ffc elementor-widget elementor-widget-image\" data-id=\"2a27ffc\" data-element_type=\"widget\" data-widget_type=\"image.default\">\n\t\t\t\t<div class=\"elementor-widget-container\">\n\t\t\t\t\t\t\t\t\t\t\t\t\t<img fetchpriority=\"high\" decoding=\"async\" width=\"1024\" height=\"585\" src=\"https:\/\/freedomptnv.com\/wp-content\/uploads\/2024\/12\/clinicreno-1024x585.png\" class=\"attachment-large size-large wp-image-2374\" alt=\"\" srcset=\"https:\/\/freedomptnv.com\/wp-content\/uploads\/2024\/12\/clinicreno-1024x585.png 1024w, https:\/\/freedomptnv.com\/wp-content\/uploads\/2024\/12\/clinicreno-300x171.png 300w, https:\/\/freedomptnv.com\/wp-content\/uploads\/2024\/12\/clinicreno-18x10.png 18w, https:\/\/freedomptnv.com\/wp-content\/uploads\/2024\/12\/clinicreno.png 1806w\" sizes=\"(max-width: 1024px) 100vw, 1024px\" \/>\t\t\t\t\t\t\t\t\t\t\t\t\t<\/div>\n\t\t\t\t<\/div>\n\t\t\t\t<\/div>\n\t\t\t\t\t<\/div>\n\t\t\t\t<\/div>\n\t\t\t\t<\/div>","protected":false},"excerpt":{"rendered":"<p>Contact At Freedom Physical Therapy and Performance Center, we&#8217;re here to help you achieve your goals and answer any questions you may have. Whether you&#8217;re looking to schedule an appointment, inquire about our services, or just want to learn more, feel free to reach out! Our friendly and knowledgeable team is ready to guide you <a href=\"https:\/\/freedomptnv.com\/es\/contact\/\" class=\"more-link\">&#8230;<span class=\"screen-reader-text\">  Contacto<\/span><\/a><\/p>","protected":false},"author":1,"featured_media":0,"parent":0,"menu_order":0,"comment_status":"closed","ping_status":"closed","template":"","meta":{"footnotes":""},"class_list":["post-1670","page","type-page","status-publish","hentry"],"yoast_head":"<!-- This site is optimized with the Yoast SEO plugin v23.5 - https:\/\/yoast.com\/wordpress\/plugins\/seo\/ -->\n<title>Contact - Freedom Physical Therapy<\/title>\n<meta name=\"robots\" content=\"index, follow, max-snippet:-1, max-image-preview:large, max-video-preview:-1\" \/>\n<link rel=\"canonical\" href=\"https:\/\/freedomptnv.com\/es\/contact\/\" \/>\n<meta property=\"og:locale\" content=\"es_ES\" \/>\n<meta property=\"og:type\" content=\"article\" \/>\n<meta property=\"og:title\" content=\"Contact - Freedom Physical Therapy\" \/>\n<meta property=\"og:description\" content=\"Contact At Freedom Physical Therapy and Performance Center, we&#8217;re here to help you achieve your goals and answer any questions you may have. Whether you&#8217;re looking to schedule an appointment, inquire about our services, or just want to learn more, feel free to reach out! Our friendly and knowledgeable team is ready to guide you ... Contact\" \/>\n<meta property=\"og:url\" content=\"https:\/\/freedomptnv.com\/es\/contact\/\" \/>\n<meta property=\"og:site_name\" content=\"Freedom Physical Therapy\" \/>\n<meta property=\"article:modified_time\" content=\"2024-12-11T19:11:38+00:00\" \/>\n<meta property=\"og:image\" content=\"https:\/\/freedomptnv.com\/wp-content\/uploads\/2024\/12\/clinicreno-1024x585.png\" \/>\n<meta name=\"twitter:card\" content=\"summary_large_image\" \/>\n<meta name=\"twitter:label1\" content=\"Tiempo de lectura\" \/>\n\t<meta name=\"twitter:data1\" content=\"1 minuto\" \/>\n<script type=\"application\/ld+json\" class=\"yoast-schema-graph\">{\"@context\":\"https:\/\/schema.org\",\"@graph\":[{\"@type\":\"WebPage\",\"@id\":\"https:\/\/freedomptnv.com\/contact\/\",\"url\":\"https:\/\/freedomptnv.com\/contact\/\",\"name\":\"Contact - Freedom Physical Therapy\",\"isPartOf\":{\"@id\":\"https:\/\/freedomptnv.com\/#website\"},\"primaryImageOfPage\":{\"@id\":\"https:\/\/freedomptnv.com\/contact\/#primaryimage\"},\"image\":{\"@id\":\"https:\/\/freedomptnv.com\/contact\/#primaryimage\"},\"thumbnailUrl\":\"https:\/\/freedomptnv.com\/wp-content\/uploads\/2024\/12\/clinicreno-1024x585.png\",\"datePublished\":\"2024-10-05T18:37:26+00:00\",\"dateModified\":\"2024-12-11T19:11:38+00:00\",\"breadcrumb\":{\"@id\":\"https:\/\/freedomptnv.com\/contact\/#breadcrumb\"},\"inLanguage\":\"es\",\"potentialAction\":[{\"@type\":\"ReadAction\",\"target\":[\"https:\/\/freedomptnv.com\/contact\/\"]}]},{\"@type\":\"ImageObject\",\"inLanguage\":\"es\",\"@id\":\"https:\/\/freedomptnv.com\/contact\/#primaryimage\",\"url\":\"https:\/\/freedomptnv.com\/wp-content\/uploads\/2024\/12\/clinicreno-1024x585.png\",\"contentUrl\":\"https:\/\/freedomptnv.com\/wp-content\/uploads\/2024\/12\/clinicreno-1024x585.png\"},{\"@type\":\"BreadcrumbList\",\"@id\":\"https:\/\/freedomptnv.com\/contact\/#breadcrumb\",\"itemListElement\":[{\"@type\":\"ListItem\",\"position\":1,\"name\":\"Home\",\"item\":\"https:\/\/freedomptnv.com\/\"},{\"@type\":\"ListItem\",\"position\":2,\"name\":\"Contact\"}]},{\"@type\":\"WebSite\",\"@id\":\"https:\/\/freedomptnv.com\/#website\",\"url\":\"https:\/\/freedomptnv.com\/\",\"name\":\"Freedom Physical Therapy and Performance Center\",\"description\":\"\",\"publisher\":{\"@id\":\"https:\/\/freedomptnv.com\/#organization\"},\"alternateName\":\"Freedom Physical Therapy and Performance Center\",\"potentialAction\":[{\"@type\":\"SearchAction\",\"target\":{\"@type\":\"EntryPoint\",\"urlTemplate\":\"https:\/\/freedomptnv.com\/?s={search_term_string}\"},\"query-input\":{\"@type\":\"PropertyValueSpecification\",\"valueRequired\":true,\"valueName\":\"search_term_string\"}}],\"inLanguage\":\"es\"},{\"@type\":\"Organization\",\"@id\":\"https:\/\/freedomptnv.com\/#organization\",\"name\":\"Freedom Physical Therapy and Performance Center\",\"url\":\"https:\/\/freedomptnv.com\/\",\"logo\":{\"@type\":\"ImageObject\",\"inLanguage\":\"es\",\"@id\":\"https:\/\/freedomptnv.com\/#\/schema\/logo\/image\/\",\"url\":\"https:\/\/freedomptnv.com\/wp-content\/uploads\/2024\/09\/freedom-logo-1.svg\",\"contentUrl\":\"https:\/\/freedomptnv.com\/wp-content\/uploads\/2024\/09\/freedom-logo-1.svg\",\"width\":234,\"height\":46,\"caption\":\"Freedom Physical Therapy and Performance Center\"},\"image\":{\"@id\":\"https:\/\/freedomptnv.com\/#\/schema\/logo\/image\/\"}}]}<\/script>\n<!-- \/ Yoast SEO plugin. -->","yoast_head_json":{"title":"Contact - Freedom Physical Therapy","robots":{"index":"index","follow":"follow","max-snippet":"max-snippet:-1","max-image-preview":"max-image-preview:large","max-video-preview":"max-video-preview:-1"},"canonical":"https:\/\/freedomptnv.com\/es\/contact\/","og_locale":"es_ES","og_type":"article","og_title":"Contact - Freedom Physical Therapy","og_description":"Contact At Freedom Physical Therapy and Performance Center, we&#8217;re here to help you achieve your goals and answer any questions you may have. Whether you&#8217;re looking to schedule an appointment, inquire about our services, or just want to learn more, feel free to reach out! Our friendly and knowledgeable team is ready to guide you ... Contact","og_url":"https:\/\/freedomptnv.com\/es\/contact\/","og_site_name":"Freedom Physical Therapy","article_modified_time":"2024-12-11T19:11:38+00:00","og_image":[{"url":"https:\/\/freedomptnv.com\/wp-content\/uploads\/2024\/12\/clinicreno-1024x585.png"}],"twitter_card":"summary_large_image","twitter_misc":{"Tiempo de lectura":"1 minuto"},"schema":{"@context":"https:\/\/schema.org","@graph":[{"@type":"WebPage","@id":"https:\/\/freedomptnv.com\/contact\/","url":"https:\/\/freedomptnv.com\/contact\/","name":"Contact - Freedom Physical Therapy","isPartOf":{"@id":"https:\/\/freedomptnv.com\/#website"},"primaryImageOfPage":{"@id":"https:\/\/freedomptnv.com\/contact\/#primaryimage"},"image":{"@id":"https:\/\/freedomptnv.com\/contact\/#primaryimage"},"thumbnailUrl":"https:\/\/freedomptnv.com\/wp-content\/uploads\/2024\/12\/clinicreno-1024x585.png","datePublished":"2024-10-05T18:37:26+00:00","dateModified":"2024-12-11T19:11:38+00:00","breadcrumb":{"@id":"https:\/\/freedomptnv.com\/contact\/#breadcrumb"},"inLanguage":"es","potentialAction":[{"@type":"ReadAction","target":["https:\/\/freedomptnv.com\/contact\/"]}]},{"@type":"ImageObject","inLanguage":"es","@id":"https:\/\/freedomptnv.com\/contact\/#primaryimage","url":"https:\/\/freedomptnv.com\/wp-content\/uploads\/2024\/12\/clinicreno-1024x585.png","contentUrl":"https:\/\/freedomptnv.com\/wp-content\/uploads\/2024\/12\/clinicreno-1024x585.png"},{"@type":"BreadcrumbList","@id":"https:\/\/freedomptnv.com\/contact\/#breadcrumb","itemListElement":[{"@type":"ListItem","position":1,"name":"Home","item":"https:\/\/freedomptnv.com\/"},{"@type":"ListItem","position":2,"name":"Contact"}]},{"@type":"WebSite","@id":"https:\/\/freedomptnv.com\/#website","url":"https:\/\/freedomptnv.com\/","name":"Freedom Physical Therapy and Performance Center","description":"","publisher":{"@id":"https:\/\/freedomptnv.com\/#organization"},"alternateName":"Freedom Physical Therapy and Performance Center","potentialAction":[{"@type":"SearchAction","target":{"@type":"EntryPoint","urlTemplate":"https:\/\/freedomptnv.com\/?s={search_term_string}"},"query-input":{"@type":"PropertyValueSpecification","valueRequired":true,"valueName":"search_term_string"}}],"inLanguage":"es"},{"@type":"Organization","@id":"https:\/\/freedomptnv.com\/#organization","name":"Freedom Physical Therapy and Performance Center","url":"https:\/\/freedomptnv.com\/","logo":{"@type":"ImageObject","inLanguage":"es","@id":"https:\/\/freedomptnv.com\/#\/schema\/logo\/image\/","url":"https:\/\/freedomptnv.com\/wp-content\/uploads\/2024\/09\/freedom-logo-1.svg","contentUrl":"https:\/\/freedomptnv.com\/wp-content\/uploads\/2024\/09\/freedom-logo-1.svg","width":234,"height":46,"caption":"Freedom Physical Therapy and Performance Center"},"image":{"@id":"https:\/\/freedomptnv.com\/#\/schema\/logo\/image\/"}}]}},"_links":{"self":[{"href":"https:\/\/freedomptnv.com\/es\/wp-json\/wp\/v2\/pages\/1670"}],"collection":[{"href":"https:\/\/freedomptnv.com\/es\/wp-json\/wp\/v2\/pages"}],"about":[{"href":"https:\/\/freedomptnv.com\/es\/wp-json\/wp\/v2\/types\/page"}],"author":[{"embeddable":true,"href":"https:\/\/freedomptnv.com\/es\/wp-json\/wp\/v2\/users\/1"}],"replies":[{"embeddable":true,"href":"https:\/\/freedomptnv.com\/es\/wp-json\/wp\/v2\/comments?post=1670"}],"version-history":[{"count":103,"href":"https:\/\/freedomptnv.com\/es\/wp-json\/wp\/v2\/pages\/1670\/revisions"}],"predecessor-version":[{"id":2377,"href":"https:\/\/freedomptnv.com\/es\/wp-json\/wp\/v2\/pages\/1670\/revisions\/2377"}],"wp:attachment":[{"href":"https:\/\/freedomptnv.com\/es\/wp-json\/wp\/v2\/media?parent=1670"}],"curies":[{"name":"wp","href":"https:\/\/api.w.org\/{rel}","templated":true}]}}