{"id":1590,"date":"2024-10-05T14:06:46","date_gmt":"2024-10-05T14:06:46","guid":{"rendered":"https:\/\/freedomptnv.com\/?page_id=1590"},"modified":"2024-12-11T17:48:17","modified_gmt":"2024-12-11T17:48:17","slug":"who-we-are","status":"publish","type":"page","link":"https:\/\/freedomptnv.com\/es\/who-we-are\/","title":{"rendered":"Quienes somos"},"content":{"rendered":"<div data-elementor-type=\"wp-page\" data-elementor-id=\"1590\" class=\"elementor elementor-1590\">\n\t\t\t\t<div class=\"elementor-element elementor-element-f8533af e-flex e-con-boxed e-con e-parent\" data-id=\"f8533af\" data-element_type=\"container\">\n\t\t\t\t\t<div class=\"e-con-inner\">\n\t\t<div class=\"elementor-element elementor-element-dfddca0 e-con-full e-flex e-con e-child\" data-id=\"dfddca0\" data-element_type=\"container\" data-settings=\"{&quot;background_background&quot;:&quot;classic&quot;}\">\n\t\t\t\t<div class=\"elementor-element elementor-element-651fa36 elementor-widget elementor-widget-heading\" data-id=\"651fa36\" data-element_type=\"widget\" data-widget_type=\"heading.default\">\n\t\t\t\t<div class=\"elementor-widget-container\">\n\t\t\t<h1 class=\"elementor-heading-title elementor-size-default\">QUIENES SOMOS\n<\/h1>\t\t<\/div>\n\t\t\t\t<\/div>\n\t\t\t\t<div class=\"elementor-element elementor-element-afd58ae elementor-widget__width-initial elementor-widget elementor-widget-text-editor\" data-id=\"afd58ae\" data-element_type=\"widget\" data-widget_type=\"text-editor.default\">\n\t\t\t\t<div class=\"elementor-widget-container\">\n\t\t\t\t\t\t\t<p>En Freedom Physical Therapy and Performance Center (FPT), creemos que cada persona merece la libertad de vivir su vida sin dolor, disfunci\u00f3n o limitaciones f\u00edsicas. Fundada por Austin Aranda, Freedom PT se cre\u00f3 con una misi\u00f3n simple pero poderosa: ayudar a las personas a liberarse de las barreras f\u00edsicas y desbloquear su verdadero potencial. Despu\u00e9s de a\u00f1os de experiencia en el campo, Austin reconoci\u00f3 una brecha cr\u00edtica en la terapia ambulatoria tradicional: la falta de apoyo sostenible a largo plazo para los pacientes una vez que terminan la rehabilitaci\u00f3n. Esto lo llev\u00f3 a imaginar un lugar que no solo brinde servicios de fisioterapia de \u00faltima generaci\u00f3n, sino que tambi\u00e9n ayude a los pacientes a realizar la transici\u00f3n a un programa de autocontrol que fomente una vida de fitness y bienestar.<\/p><p>En esencia, Freedom PT es m\u00e1s que una simple cl\u00ednica de fisioterapia. Somos una comunidad dedicada a ayudar a personas de todas las edades y habilidades a lograr sus objetivos de salud. Ya sea que se est\u00e9 recuperando de una lesi\u00f3n, lidiando con un dolor cr\u00f3nico o buscando mejorar su rendimiento f\u00edsico, estamos aqu\u00ed para ayudarlo en cada paso del camino.<\/p>\t\t\t\t\t\t<\/div>\n\t\t\t\t<\/div>\n\t\t\t\t<\/div>\n\t\t\t\t\t<\/div>\n\t\t\t\t<\/div>\n\t\t<div class=\"elementor-element elementor-element-7c7332e e-flex e-con-boxed e-con e-parent\" data-id=\"7c7332e\" data-element_type=\"container\">\n\t\t\t\t\t<div class=\"e-con-inner\">\n\t\t<div class=\"elementor-element elementor-element-f24eec8 e-con-full e-flex e-con e-child\" data-id=\"f24eec8\" data-element_type=\"container\">\n\t\t\t\t<div class=\"elementor-element elementor-element-4c53a6d elementor-widget elementor-widget-image\" data-id=\"4c53a6d\" data-element_type=\"widget\" data-widget_type=\"image.default\">\n\t\t\t\t<div class=\"elementor-widget-container\">\n\t\t\t\t\t\t\t\t\t\t\t\t\t<img fetchpriority=\"high\" decoding=\"async\" width=\"1024\" height=\"1024\" src=\"https:\/\/freedomptnv.com\/wp-content\/uploads\/2024\/12\/bright2-1024x1024.png\" class=\"attachment-large size-large wp-image-2258\" alt=\"\" srcset=\"https:\/\/freedomptnv.com\/wp-content\/uploads\/2024\/12\/bright2-1024x1024.png 1024w, https:\/\/freedomptnv.com\/wp-content\/uploads\/2024\/12\/bright2-300x300.png 300w, https:\/\/freedomptnv.com\/wp-content\/uploads\/2024\/12\/bright2-150x150.png 150w, https:\/\/freedomptnv.com\/wp-content\/uploads\/2024\/12\/bright2-12x12.png 12w, https:\/\/freedomptnv.com\/wp-content\/uploads\/2024\/12\/bright2.png 1248w\" sizes=\"(max-width: 1024px) 100vw, 1024px\" \/>\t\t\t\t\t\t\t\t\t\t\t\t\t<\/div>\n\t\t\t\t<\/div>\n\t\t\t\t<div class=\"elementor-element elementor-element-7119224 elementor-widget elementor-widget-heading\" data-id=\"7119224\" data-element_type=\"widget\" data-widget_type=\"heading.default\">\n\t\t\t\t<div class=\"elementor-widget-container\">\n\t\t\t<h3 class=\"elementor-heading-title elementor-size-default\">Austin Aranda<\/h3>\t\t<\/div>\n\t\t\t\t<\/div>\n\t\t\t\t<div class=\"elementor-element elementor-element-19c2597 elementor-widget elementor-widget-heading\" data-id=\"19c2597\" data-element_type=\"widget\" data-widget_type=\"heading.default\">\n\t\t\t\t<div class=\"elementor-widget-container\">\n\t\t\t<span class=\"elementor-heading-title elementor-size-default\">DPT, CAFS, Cert. DN<\/span>\t\t<\/div>\n\t\t\t\t<\/div>\n\t\t\t\t<div class=\"elementor-element elementor-element-5cebcb4 elementor-widget elementor-widget-text-editor\" data-id=\"5cebcb4\" data-element_type=\"widget\" data-widget_type=\"text-editor.default\">\n\t\t\t\t<div class=\"elementor-widget-container\">\n\t\t\t\t\t\t\t<p>At Freedom Physical Therapy and Performance Center, Austin Aranda is passionate about helping patients live pain-free and rediscover their strength. With many years of experience in physical therapy, Austin understands the challenges of recovery and is committed to providing care that is both effective and compassionate.<\/p><p>Austin\u2019s academic journey began at the University of Nevada, Reno, where he earned his Bachelor\u2019s degree. He went on to complete his Doctorate of Physical Therapy at Touro University Nevada, graduating in 2013, which has equipped him with the skills to address a wide range of physical therapy needs. Fully bilingual in English and Spanish, Austin believes in making his services accessible to everyone in the community.<\/p><p>When he\u2019s not at the clinic, Austin enjoys an active lifestyle filled with hiking, backpacking, snowshoeing, and biking. Most importantly, he cherishes spending time with his wife Ashley, and their two sons.<\/p>\t\t\t\t\t\t<\/div>\n\t\t\t\t<\/div>\n\t\t\t\t<\/div>\n\t\t<div class=\"elementor-element elementor-element-78dc05a e-con-full e-flex e-con e-child\" data-id=\"78dc05a\" data-element_type=\"container\">\n\t\t\t\t<div class=\"elementor-element elementor-element-187e8d5 elementor-widget elementor-widget-image\" data-id=\"187e8d5\" data-element_type=\"widget\" data-widget_type=\"image.default\">\n\t\t\t\t<div class=\"elementor-widget-container\">\n\t\t\t\t\t\t\t\t\t\t\t\t\t<img decoding=\"async\" width=\"1024\" height=\"1024\" src=\"https:\/\/freedomptnv.com\/wp-content\/uploads\/2024\/12\/Rebecca-Kane-1-1024x1024.jpg\" class=\"attachment-large size-large wp-image-2240\" alt=\"\" srcset=\"https:\/\/freedomptnv.com\/wp-content\/uploads\/2024\/12\/Rebecca-Kane-1-1024x1024.jpg 1024w, https:\/\/freedomptnv.com\/wp-content\/uploads\/2024\/12\/Rebecca-Kane-1-300x300.jpg 300w, https:\/\/freedomptnv.com\/wp-content\/uploads\/2024\/12\/Rebecca-Kane-1-150x150.jpg 150w, https:\/\/freedomptnv.com\/wp-content\/uploads\/2024\/12\/Rebecca-Kane-1-12x12.jpg 12w, https:\/\/freedomptnv.com\/wp-content\/uploads\/2024\/12\/Rebecca-Kane-1.jpg 1080w\" sizes=\"(max-width: 1024px) 100vw, 1024px\" \/>\t\t\t\t\t\t\t\t\t\t\t\t\t<\/div>\n\t\t\t\t<\/div>\n\t\t\t\t<div class=\"elementor-element elementor-element-8397e67 elementor-widget elementor-widget-heading\" data-id=\"8397e67\" data-element_type=\"widget\" data-widget_type=\"heading.default\">\n\t\t\t\t<div class=\"elementor-widget-container\">\n\t\t\t<h3 class=\"elementor-heading-title elementor-size-default\">Rebecca Kane<\/h3>\t\t<\/div>\n\t\t\t\t<\/div>\n\t\t\t\t<div class=\"elementor-element elementor-element-958ddbe elementor-widget elementor-widget-heading\" data-id=\"958ddbe\" data-element_type=\"widget\" data-widget_type=\"heading.default\">\n\t\t\t\t<div class=\"elementor-widget-container\">\n\t\t\t<span class=\"elementor-heading-title elementor-size-default\">Office Manager<\/span>\t\t<\/div>\n\t\t\t\t<\/div>\n\t\t\t\t<div class=\"elementor-element elementor-element-4b3769c elementor-widget elementor-widget-text-editor\" data-id=\"4b3769c\" data-element_type=\"widget\" data-widget_type=\"text-editor.default\">\n\t\t\t\t<div class=\"elementor-widget-container\">\n\t\t\t\t\t\t\t<div><p>Born and raised in Northern Nevada, Rebecca Kane brings over 12 years of experience in healthcare to her role as Office Manager at Freedom Physical Therapy and Performance Center. With a lifelong passion for sports, Rebecca has played soccer for 28 years and has a personal understanding of physical therapy, having undergone two knee surgeries herself. This background fuels her dedication to helping patients progress and achieve their goals.<\/p><p>In her free time, Rebecca enjoys reading, crafting, staying active through sports, and exploring the outdoors. Her warmth, professionalism, and commitment to patient care make her an integral part of the Freedom Physical Therapy team.<\/p><\/div><div><div class=\"adm\"><div id=\"q_375\" class=\"ajR h4\">\u00a0<\/div><\/div><\/div>\t\t\t\t\t\t<\/div>\n\t\t\t\t<\/div>\n\t\t\t\t<\/div>\n\t\t<div class=\"elementor-element elementor-element-4c6478a e-con-full e-flex e-con e-child\" data-id=\"4c6478a\" data-element_type=\"container\">\n\t\t\t\t<div class=\"elementor-element elementor-element-4394fca elementor-widget elementor-widget-image\" data-id=\"4394fca\" data-element_type=\"widget\" data-widget_type=\"image.default\">\n\t\t\t\t<div class=\"elementor-widget-container\">\n\t\t\t\t\t\t\t\t\t\t\t\t\t<img decoding=\"async\" width=\"1024\" height=\"1024\" src=\"https:\/\/freedomptnv.com\/wp-content\/uploads\/2024\/10\/iucal-1-1024x1024.png\" class=\"attachment-large size-large wp-image-2185\" alt=\"\" srcset=\"https:\/\/freedomptnv.com\/wp-content\/uploads\/2024\/10\/iucal-1-1024x1024.png 1024w, https:\/\/freedomptnv.com\/wp-content\/uploads\/2024\/10\/iucal-1-300x300.png 300w, https:\/\/freedomptnv.com\/wp-content\/uploads\/2024\/10\/iucal-1-150x150.png 150w, https:\/\/freedomptnv.com\/wp-content\/uploads\/2024\/10\/iucal-1-12x12.png 12w, https:\/\/freedomptnv.com\/wp-content\/uploads\/2024\/10\/iucal-1.png 1080w\" sizes=\"(max-width: 1024px) 100vw, 1024px\" \/>\t\t\t\t\t\t\t\t\t\t\t\t\t<\/div>\n\t\t\t\t<\/div>\n\t\t\t\t<div class=\"elementor-element elementor-element-a1db1d1 elementor-widget elementor-widget-heading\" data-id=\"a1db1d1\" data-element_type=\"widget\" data-widget_type=\"heading.default\">\n\t\t\t\t<div class=\"elementor-widget-container\">\n\t\t\t<h3 class=\"elementor-heading-title elementor-size-default\">coming soon<\/h3>\t\t<\/div>\n\t\t\t\t<\/div>\n\t\t\t\t<div class=\"elementor-element elementor-element-c690310 elementor-widget elementor-widget-heading\" data-id=\"c690310\" data-element_type=\"widget\" data-widget_type=\"heading.default\">\n\t\t\t\t<div class=\"elementor-widget-container\">\n\t\t\t<span class=\"elementor-heading-title elementor-size-default\">Physical Therapist<\/span>\t\t<\/div>\n\t\t\t\t<\/div>\n\t\t\t\t<div class=\"elementor-element elementor-element-fba9a63 elementor-widget elementor-widget-text-editor\" data-id=\"fba9a63\" data-element_type=\"widget\" data-widget_type=\"text-editor.default\">\n\t\t\t\t<div class=\"elementor-widget-container\">\n\t\t\t\t\t\t\t<p>We&#8217;re adding team members to our practice and can&#8217;t wait for you to meet them!<\/p>\t\t\t\t\t\t<\/div>\n\t\t\t\t<\/div>\n\t\t\t\t<\/div>\n\t\t\t\t\t<\/div>\n\t\t\t\t<\/div>\n\t\t\t\t<\/div>","protected":false},"excerpt":{"rendered":"<p>WHO WE Are At Freedom Physical Therapy and Performance Center (FPT), we believe that every person deserves the freedom to live their life without pain, dysfunction, or physical limitations. Founded by Austin Aranda, Freedom PT was created with a simple yet powerful mission: to help individuals break free from physical barriers and unlock their true <a href=\"https:\/\/freedomptnv.com\/es\/who-we-are\/\" class=\"more-link\">&#8230;<span class=\"screen-reader-text\">  Quienes somos<\/span><\/a><\/p>","protected":false},"author":1,"featured_media":0,"parent":0,"menu_order":0,"comment_status":"closed","ping_status":"closed","template":"","meta":{"footnotes":""},"class_list":["post-1590","page","type-page","status-publish","hentry"],"yoast_head":"<!-- This site is optimized with the Yoast SEO plugin v23.5 - https:\/\/yoast.com\/wordpress\/plugins\/seo\/ -->\n<title>Who We Are - Freedom Physical Therapy<\/title>\n<meta name=\"robots\" content=\"index, follow, max-snippet:-1, max-image-preview:large, max-video-preview:-1\" \/>\n<link rel=\"canonical\" href=\"https:\/\/freedomptnv.com\/es\/who-we-are\/\" \/>\n<meta property=\"og:locale\" content=\"es_ES\" \/>\n<meta property=\"og:type\" content=\"article\" \/>\n<meta property=\"og:title\" content=\"Who We Are - Freedom Physical Therapy\" \/>\n<meta property=\"og:description\" content=\"WHO WE Are At Freedom Physical Therapy and Performance Center (FPT), we believe that every person deserves the freedom to live their life without pain, dysfunction, or physical limitations. Founded by Austin Aranda, Freedom PT was created with a simple yet powerful mission: to help individuals break free from physical barriers and unlock their true ... Who We Are\" \/>\n<meta property=\"og:url\" content=\"https:\/\/freedomptnv.com\/es\/who-we-are\/\" \/>\n<meta property=\"og:site_name\" content=\"Freedom Physical Therapy\" \/>\n<meta property=\"article:modified_time\" content=\"2024-12-11T17:48:17+00:00\" \/>\n<meta property=\"og:image\" content=\"https:\/\/freedomptnv.com\/wp-content\/uploads\/2024\/12\/bright2-1024x1024.png\" \/>\n<meta name=\"twitter:card\" content=\"summary_large_image\" \/>\n<meta name=\"twitter:label1\" content=\"Tiempo de lectura\" \/>\n\t<meta name=\"twitter:data1\" content=\"3 minutos\" \/>\n<script type=\"application\/ld+json\" class=\"yoast-schema-graph\">{\"@context\":\"https:\/\/schema.org\",\"@graph\":[{\"@type\":\"WebPage\",\"@id\":\"https:\/\/freedomptnv.com\/who-we-are\/\",\"url\":\"https:\/\/freedomptnv.com\/who-we-are\/\",\"name\":\"Who We Are - Freedom Physical Therapy\",\"isPartOf\":{\"@id\":\"https:\/\/freedomptnv.com\/#website\"},\"primaryImageOfPage\":{\"@id\":\"https:\/\/freedomptnv.com\/who-we-are\/#primaryimage\"},\"image\":{\"@id\":\"https:\/\/freedomptnv.com\/who-we-are\/#primaryimage\"},\"thumbnailUrl\":\"https:\/\/freedomptnv.com\/wp-content\/uploads\/2024\/12\/bright2-1024x1024.png\",\"datePublished\":\"2024-10-05T14:06:46+00:00\",\"dateModified\":\"2024-12-11T17:48:17+00:00\",\"breadcrumb\":{\"@id\":\"https:\/\/freedomptnv.com\/who-we-are\/#breadcrumb\"},\"inLanguage\":\"es\",\"potentialAction\":[{\"@type\":\"ReadAction\",\"target\":[\"https:\/\/freedomptnv.com\/who-we-are\/\"]}]},{\"@type\":\"ImageObject\",\"inLanguage\":\"es\",\"@id\":\"https:\/\/freedomptnv.com\/who-we-are\/#primaryimage\",\"url\":\"https:\/\/freedomptnv.com\/wp-content\/uploads\/2024\/12\/bright2-1024x1024.png\",\"contentUrl\":\"https:\/\/freedomptnv.com\/wp-content\/uploads\/2024\/12\/bright2-1024x1024.png\"},{\"@type\":\"BreadcrumbList\",\"@id\":\"https:\/\/freedomptnv.com\/who-we-are\/#breadcrumb\",\"itemListElement\":[{\"@type\":\"ListItem\",\"position\":1,\"name\":\"Home\",\"item\":\"https:\/\/freedomptnv.com\/\"},{\"@type\":\"ListItem\",\"position\":2,\"name\":\"Who We Are\"}]},{\"@type\":\"WebSite\",\"@id\":\"https:\/\/freedomptnv.com\/#website\",\"url\":\"https:\/\/freedomptnv.com\/\",\"name\":\"Freedom Physical Therapy and Performance Center\",\"description\":\"\",\"publisher\":{\"@id\":\"https:\/\/freedomptnv.com\/#organization\"},\"alternateName\":\"Freedom Physical Therapy and Performance Center\",\"potentialAction\":[{\"@type\":\"SearchAction\",\"target\":{\"@type\":\"EntryPoint\",\"urlTemplate\":\"https:\/\/freedomptnv.com\/?s={search_term_string}\"},\"query-input\":{\"@type\":\"PropertyValueSpecification\",\"valueRequired\":true,\"valueName\":\"search_term_string\"}}],\"inLanguage\":\"es\"},{\"@type\":\"Organization\",\"@id\":\"https:\/\/freedomptnv.com\/#organization\",\"name\":\"Freedom Physical Therapy and Performance Center\",\"url\":\"https:\/\/freedomptnv.com\/\",\"logo\":{\"@type\":\"ImageObject\",\"inLanguage\":\"es\",\"@id\":\"https:\/\/freedomptnv.com\/#\/schema\/logo\/image\/\",\"url\":\"https:\/\/freedomptnv.com\/wp-content\/uploads\/2024\/09\/freedom-logo-1.svg\",\"contentUrl\":\"https:\/\/freedomptnv.com\/wp-content\/uploads\/2024\/09\/freedom-logo-1.svg\",\"width\":234,\"height\":46,\"caption\":\"Freedom Physical Therapy and Performance Center\"},\"image\":{\"@id\":\"https:\/\/freedomptnv.com\/#\/schema\/logo\/image\/\"}}]}<\/script>\n<!-- \/ Yoast SEO plugin. -->","yoast_head_json":{"title":"Who We Are - Freedom Physical Therapy","robots":{"index":"index","follow":"follow","max-snippet":"max-snippet:-1","max-image-preview":"max-image-preview:large","max-video-preview":"max-video-preview:-1"},"canonical":"https:\/\/freedomptnv.com\/es\/who-we-are\/","og_locale":"es_ES","og_type":"article","og_title":"Who We Are - Freedom Physical Therapy","og_description":"WHO WE Are At Freedom Physical Therapy and Performance Center (FPT), we believe that every person deserves the freedom to live their life without pain, dysfunction, or physical limitations. Founded by Austin Aranda, Freedom PT was created with a simple yet powerful mission: to help individuals break free from physical barriers and unlock their true ... Who We Are","og_url":"https:\/\/freedomptnv.com\/es\/who-we-are\/","og_site_name":"Freedom Physical Therapy","article_modified_time":"2024-12-11T17:48:17+00:00","og_image":[{"url":"https:\/\/freedomptnv.com\/wp-content\/uploads\/2024\/12\/bright2-1024x1024.png"}],"twitter_card":"summary_large_image","twitter_misc":{"Tiempo de lectura":"3 minutos"},"schema":{"@context":"https:\/\/schema.org","@graph":[{"@type":"WebPage","@id":"https:\/\/freedomptnv.com\/who-we-are\/","url":"https:\/\/freedomptnv.com\/who-we-are\/","name":"Who We Are - Freedom Physical Therapy","isPartOf":{"@id":"https:\/\/freedomptnv.com\/#website"},"primaryImageOfPage":{"@id":"https:\/\/freedomptnv.com\/who-we-are\/#primaryimage"},"image":{"@id":"https:\/\/freedomptnv.com\/who-we-are\/#primaryimage"},"thumbnailUrl":"https:\/\/freedomptnv.com\/wp-content\/uploads\/2024\/12\/bright2-1024x1024.png","datePublished":"2024-10-05T14:06:46+00:00","dateModified":"2024-12-11T17:48:17+00:00","breadcrumb":{"@id":"https:\/\/freedomptnv.com\/who-we-are\/#breadcrumb"},"inLanguage":"es","potentialAction":[{"@type":"ReadAction","target":["https:\/\/freedomptnv.com\/who-we-are\/"]}]},{"@type":"ImageObject","inLanguage":"es","@id":"https:\/\/freedomptnv.com\/who-we-are\/#primaryimage","url":"https:\/\/freedomptnv.com\/wp-content\/uploads\/2024\/12\/bright2-1024x1024.png","contentUrl":"https:\/\/freedomptnv.com\/wp-content\/uploads\/2024\/12\/bright2-1024x1024.png"},{"@type":"BreadcrumbList","@id":"https:\/\/freedomptnv.com\/who-we-are\/#breadcrumb","itemListElement":[{"@type":"ListItem","position":1,"name":"Home","item":"https:\/\/freedomptnv.com\/"},{"@type":"ListItem","position":2,"name":"Who We Are"}]},{"@type":"WebSite","@id":"https:\/\/freedomptnv.com\/#website","url":"https:\/\/freedomptnv.com\/","name":"Freedom Physical Therapy and Performance Center","description":"","publisher":{"@id":"https:\/\/freedomptnv.com\/#organization"},"alternateName":"Freedom Physical Therapy and Performance Center","potentialAction":[{"@type":"SearchAction","target":{"@type":"EntryPoint","urlTemplate":"https:\/\/freedomptnv.com\/?s={search_term_string}"},"query-input":{"@type":"PropertyValueSpecification","valueRequired":true,"valueName":"search_term_string"}}],"inLanguage":"es"},{"@type":"Organization","@id":"https:\/\/freedomptnv.com\/#organization","name":"Freedom Physical Therapy and Performance Center","url":"https:\/\/freedomptnv.com\/","logo":{"@type":"ImageObject","inLanguage":"es","@id":"https:\/\/freedomptnv.com\/#\/schema\/logo\/image\/","url":"https:\/\/freedomptnv.com\/wp-content\/uploads\/2024\/09\/freedom-logo-1.svg","contentUrl":"https:\/\/freedomptnv.com\/wp-content\/uploads\/2024\/09\/freedom-logo-1.svg","width":234,"height":46,"caption":"Freedom Physical Therapy and Performance Center"},"image":{"@id":"https:\/\/freedomptnv.com\/#\/schema\/logo\/image\/"}}]}},"_links":{"self":[{"href":"https:\/\/freedomptnv.com\/es\/wp-json\/wp\/v2\/pages\/1590"}],"collection":[{"href":"https:\/\/freedomptnv.com\/es\/wp-json\/wp\/v2\/pages"}],"about":[{"href":"https:\/\/freedomptnv.com\/es\/wp-json\/wp\/v2\/types\/page"}],"author":[{"embeddable":true,"href":"https:\/\/freedomptnv.com\/es\/wp-json\/wp\/v2\/users\/1"}],"replies":[{"embeddable":true,"href":"https:\/\/freedomptnv.com\/es\/wp-json\/wp\/v2\/comments?post=1590"}],"version-history":[{"count":64,"href":"https:\/\/freedomptnv.com\/es\/wp-json\/wp\/v2\/pages\/1590\/revisions"}],"predecessor-version":[{"id":2304,"href":"https:\/\/freedomptnv.com\/es\/wp-json\/wp\/v2\/pages\/1590\/revisions\/2304"}],"wp:attachment":[{"href":"https:\/\/freedomptnv.com\/es\/wp-json\/wp\/v2\/media?parent=1590"}],"curies":[{"name":"wp","href":"https:\/\/api.w.org\/{rel}","templated":true}]}}